{"id":278,"date":"2020-05-19T09:43:14","date_gmt":"2020-05-19T09:43:14","guid":{"rendered":"https:\/\/loja.moh.pt\/?page_id=278"},"modified":"2020-05-19T09:43:14","modified_gmt":"2020-05-19T09:43:14","slug":"termos-e-condicoes","status":"publish","type":"page","link":"https:\/\/cacela-velha.com\/es\/termos-e-condicoes\/","title":{"rendered":"T\u00e9rminos y Condiciones"},"content":{"rendered":"<p>\u00a0Por favor, lea nuestros T\u00e9rminos y Condiciones antes de acceder y utilizar de forma desenfrenada y completa el sitio web de MOH Creative Studio.\u00a0<br>Cada vez que decimos \"nosotros\" y \"nuestro\" en este sitio web, nos referimos a MOH Est\u00fadio Criativo.\u00a0<\/p>\n\n\n\n<p>El acceso y uso de este sitio web y los productos y servicios disponibles est\u00e1n regulados de acuerdo con los t\u00e9rminos y condiciones aqu\u00ed presentados y referidos como los \"T\u00e9rminos de Servicio\".&nbsp;<\/p>\n\n\n\n<p>Al visitar, usar y comprar en el sitio web de MOH Creative Studio, usted acepta todos los T\u00e9rminos de Servicio, que est\u00e1n sujetos a cambios. Le recomendamos que visite esta p\u00e1gina regularmente para estar al tanto de cualquier cambio que podamos haber realizado.&nbsp;<\/p>\n\n\n\n<p>Nuestra tienda est\u00e1 alojada en WooCommerce WordPress, que esencialmente nos ofrece una plataforma de comercio electr\u00f3nico en l\u00ednea donde podemos venderle los productos y servicios MOH Creative Studio.&nbsp;<\/p>\n\n\n\n<p>El acceso al sitio web est\u00e1 permitido temporalmente y MOH Est\u00fadio Criativo se reserva el derecho de retirar o cambiar los servicios sin previo aviso.\u00a0\u00bfQui\u00e9n nunca ha estado sin un sitio web? \u00a1Le pasa a los mejores! Por lo tanto, MOH Creative Studio no ser\u00e1 legalmente responsable si, por cualquier motivo, el sitio web no est\u00e1 disponible en cualquier momento y, de vez en cuando, se reserva el derecho de restringir ciertas \u00e1reas del sitio web de MOH Creative Studio.&nbsp;<\/p>\n\n\n\n<p>En este sitio web los usuarios podr\u00e1n encontrar enlaces que les redirigen a otras p\u00e1ginas web ajenas al dominio de los servidores de MOH Est\u00fadio Criativo que pueden causar p\u00e9rdidas o da\u00f1os de los que MOH Est\u00fadio Criativo no se hace responsable. El uso de otras p\u00e1ginas web est\u00e1 sujeto a los t\u00e9rminos y condiciones indicados en cada una de estas otras p\u00e1ginas.&nbsp;<\/p>\n\n\n\n<p>Somos conscientes de que esta es una situaci\u00f3n imposible, sin embargo, debe saber que cualquier disputa o desacuerdo que surja de su uso del sitio web de MOH Est\u00fadio Criativo est\u00e1 sujeto a las leyes de Portugal.&nbsp;<\/p>\n\n\n\n<p><strong>PROHIBICIONES<\/strong>&nbsp;<\/p>\n\n\n\n<p>Al utilizar la p\u00e1gina de MOH Creative Studio, usted acepta no reproducir, duplicar, copiar, vender, revender o exportar partes del servicio, el uso del servicio o el acceso al servicio o los contactos que se muestran en el sitio web de MOH Creative Studio mediante el cual se realiza el servicio, sin el consentimiento expreso por escrito de MOH Creative Studio. \u00bfHemos dicho servicio?&nbsp;<\/p>\n\n\n\n<p>El estudio creativo de MOH no:&nbsp;<\/p>\n\n\n\n<p>\u2013 Cometer o fomentar actos delictivos.&nbsp;<br>\u2013 Transmitir o distribuir virus, troyanos, gusanos, bombas l\u00f3gicas o publicar cualquier material malicioso, tecnol\u00f3gicamente peligroso que vaya en contra de la pol\u00edtica de privacidad divulgada o sea ofensivo u obsceno por naturaleza.&nbsp;<br>\u2013 Datos corruptos.&nbsp;<br>\u2013 Crear obst\u00e1culos para los usuarios.&nbsp;<br>\u2013 Vulneraci\u00f3n de los derechos de propiedad de otra persona.&nbsp;<br>\u2013 Enviar publicidad o material promocional no autorizado, com\u00fanmente denominado \u201cspam\u201d.&nbsp;<br>\u2013 Intentar afectar al rendimiento o funcionamiento de cualquier sistema inform\u00e1tico al que se acceda a trav\u00e9s de este sitio web.&nbsp;<\/p>\n\n\n\n<p>La violaci\u00f3n de esta disposici\u00f3n constituir\u00eda un delito penal en virtud de la Ley de Uso Indebido de Computadoras de 1990. En el caso de cualquier acto que vaya en contra de las indicaciones aqu\u00ed indicadas, MOH Est\u00fadio Criativo deber\u00e1 comunicar la identidad del usuario a las entidades responsables \u26a1 (\u00a1y no lo queremos!)&nbsp;<\/p>\n\n\n\n<p>MOH Creative Studio no se hace responsable de ninguna p\u00e9rdida o da\u00f1o causado por virus o cualquier otro material tecnol\u00f3gico malicioso que pueda afectar a los equipos, programas, bases de datos u otro material privado de su ordenador, derivado del uso de este sitio web o de la descarga de cualquier material presentado por MOH Creative Studio.&nbsp;<\/p>\n\n\n\n<p><strong>Derechos de autor<\/strong>&nbsp;<\/p>\n\n\n\n<p>Este sitio web y su contenido est\u00e1n protegidos por derechos de autor de MOH Creative Studio.&nbsp;<\/p>\n\n\n\n<p>Queda prohibida cualquier redistribuci\u00f3n o reproducci\u00f3n de contenidos, parciales o totales, en sus m\u00e1s diversos formatos, salvo en las siguientes situaciones:&nbsp;<\/p>\n\n\n\n<p>\u2013 Impresiones o descargas que realice en su disco local para uso personal y con fines no comerciales.&nbsp;<br>\u2013 Copia del contenido para uso personal de terceros, identificando la p\u00e1gina de MOH Creative Studio como fuente de dicho material.&nbsp;<br>\u2013 Tiene permiso por escrito de MOH Est\u00fadio Criativo para distribuir o comercializar cualquier contenido. De lo contrario, no puede distribuir, intercambiar o difundir este contenido en otros sitios web o cualquier otra forma de sistema de recuperaci\u00f3n de informaci\u00f3n.&nbsp;<\/p>\n\n\n\n<p><strong>Denuncias<\/strong>&nbsp;<\/p>\n\n\n\n<p>Cualquier queja o queja debe ser enviada a hello@moh.pt. Estas situaciones se abordan y siempre se resuelven por orden de llegada. Pero usted no tiene que tomar una contrase\u00f1a.&nbsp;<\/p>","protected":false},"excerpt":{"rendered":"<p>\u00a0Por favor, lea nuestros T\u00e9rminos y Condiciones antes de acceder y utilizar de forma desenfrenada y completa el sitio web de MOH Creative Studio.\u00a0Cada vez que decimos \"nosotros\" y \"nuestro\" en este sitio web, nos referimos a MOH Est\u00fadio Criativo.\u00a0 El acceso y uso de este sitio web y los productos y servicios disponibles est\u00e1n regulados de acuerdo con los t\u00e9rminos y condiciones [...]<\/p>","protected":false},"author":1,"featured_media":0,"parent":0,"menu_order":0,"comment_status":"closed","ping_status":"closed","template":"","meta":{"footnotes":""},"class_list":["post-278","page","type-page","status-publish","hentry"],"_links":{"self":[{"href":"https:\/\/cacela-velha.com\/es\/wp-json\/wp\/v2\/pages\/278","targetHints":{"allow":["GET"]}}],"collection":[{"href":"https:\/\/cacela-velha.com\/es\/wp-json\/wp\/v2\/pages"}],"about":[{"href":"https:\/\/cacela-velha.com\/es\/wp-json\/wp\/v2\/types\/page"}],"author":[{"embeddable":true,"href":"https:\/\/cacela-velha.com\/es\/wp-json\/wp\/v2\/users\/1"}],"replies":[{"embeddable":true,"href":"https:\/\/cacela-velha.com\/es\/wp-json\/wp\/v2\/comments?post=278"}],"version-history":[{"count":1,"href":"https:\/\/cacela-velha.com\/es\/wp-json\/wp\/v2\/pages\/278\/revisions"}],"predecessor-version":[{"id":279,"href":"https:\/\/cacela-velha.com\/es\/wp-json\/wp\/v2\/pages\/278\/revisions\/279"}],"wp:attachment":[{"href":"https:\/\/cacela-velha.com\/es\/wp-json\/wp\/v2\/media?parent=278"}],"curies":[{"name":"wp","href":"https:\/\/api.w.org\/{rel}","templated":true}]}}