{"id":3,"date":"2020-04-04T20:18:41","date_gmt":"2020-04-04T20:18:41","guid":{"rendered":"https:\/\/loja.moh.pt\/?page_id=3"},"modified":"2020-05-19T09:52:12","modified_gmt":"2020-05-19T09:52:12","slug":"privacy-policy","status":"publish","type":"page","link":"https:\/\/cacela-velha.com\/es\/privacy-policy\/","title":{"rendered":"Pol\u00edtica de privacidad"},"content":{"rendered":"<h2 class=\"wp-block-heading\">Pol\u00edtica de privacidad<\/h2>\n\n\n\n<p>Su privacidad es importante para nosotros. La pol\u00edtica de MOH Creative Studio es respetar su privacidad con respecto a cualquier informaci\u00f3n que podamos recopilar de usted en el Sitio.\u00a0<a href=\"https:\/\/loja.moh.pt\/\" target=\"_blank\" rel=\"noopener\">estudio creativo MOH<\/a>, y otros sitios web que poseemos y operamos.<\/p>\n\n\n\n<p>Solicitamos informaci\u00f3n personal solo cuando realmente la necesitamos para brindarle un servicio. Lo hacemos por medios justos y legales, con su conocimiento y consentimiento. Tambi\u00e9n le informamos por qu\u00e9 estamos recopilando y c\u00f3mo se utilizar\u00e1.<\/p>\n\n\n\n<p>Solo conservamos la informaci\u00f3n recopilada durante el tiempo necesario para proporcionar el servicio solicitado. Cuando almacenamos datos, los protegemos dentro de los medios comercialmente aceptables para evitar la p\u00e9rdida y el robo, as\u00ed como el acceso no autorizado, la divulgaci\u00f3n, la copia, el uso o la modificaci\u00f3n.<\/p>\n\n\n\n<p>No compartimos informaci\u00f3n de identificaci\u00f3n personal p\u00fablicamente o con terceros, excepto seg\u00fan lo exija la ley.<\/p>\n\n\n\n<p>Nuestro sitio puede tener enlaces a sitios externos que no son operados por nosotros. Tenga en cuenta que no tenemos control sobre el contenido y las pr\u00e1cticas de estos sitios y no podemos aceptar la responsabilidad de sus respectivas pol\u00edticas de privacidad.<\/p>\n\n\n\n<p>Usted es libre de rechazar nuestra solicitud de informaci\u00f3n personal, entendiendo que es posible que no podamos proporcionar algunos de los servicios deseados.<\/p>\n\n\n\n<p>El uso continuado de nuestro sitio web se considerar\u00e1 la aceptaci\u00f3n de nuestras pr\u00e1cticas en materia de privacidad e informaci\u00f3n personal. Si tiene alguna pregunta sobre c\u00f3mo manejamos los datos del usuario y la informaci\u00f3n personal, cont\u00e1ctenos.<\/p>\n\n\n\n<h2 class=\"wp-block-heading\">Pol\u00edtica de Cookies MOH Creative Studio<\/h2>\n\n\n\n<h3 class=\"wp-block-heading\">\u00bfQu\u00e9 son las cookies?<\/h3>\n\n\n\n<p>Como es pr\u00e1ctica com\u00fan en casi todos los sitios web profesionales, este sitio utiliza cookies, que son peque\u00f1os archivos descargados en su computadora, para mejorar su experiencia. Esta p\u00e1gina describe qu\u00e9 informaci\u00f3n recopilan, c\u00f3mo la usamos y por qu\u00e9 a veces necesitamos almacenar estas cookies. Tambi\u00e9n compartiremos c\u00f3mo puede evitar que se almacenen estas cookies, sin embargo, esto puede degradar o \u00abromper\u00bb ciertos elementos de la funcionalidad del sitio.<\/p>\n\n\n\n<h3 class=\"wp-block-heading\">\u00bfC\u00f3mo utilizamos las cookies?<\/h3>\n\n\n\n<p>Utilizamos cookies por varias razones, que se detallan a continuaci\u00f3n. Desafortunadamente, en la mayor\u00eda de los casos, no hay opciones est\u00e1ndar de la industria para deshabilitar las cookies sin deshabilitar por completo la funcionalidad y las caracter\u00edsticas que agregan a este sitio. Se recomienda que deje todas las cookies si no est\u00e1 seguro de si las necesita o no, si se utilizan para proporcionar un servicio que utiliza.<\/p>\n\n\n\n<h3 class=\"wp-block-heading\">Desactivar las cookies<\/h3>\n\n\n\n<p>Puede evitar la configuraci\u00f3n de cookies ajustando la configuraci\u00f3n de su navegador (consulte la Ayuda de su navegador para saber c\u00f3mo hacerlo). Tenga en cuenta que deshabilitar las cookies afectar\u00e1 la funcionalidad de este y muchos otros sitios web que visite. La desactivaci\u00f3n de las cookies generalmente resultar\u00e1 en la desactivaci\u00f3n de ciertas caracter\u00edsticas y caracter\u00edsticas de este sitio web. Por lo tanto, se recomienda que no deshabilite las cookies.<\/p>\n\n\n\n<h3 class=\"wp-block-heading\">Cookies que establecemos<\/h3>\n\n\n\n<ul class=\"wp-block-list\"><li>Cookies relacionadas con la cuenta<br><br>Si crea una cuenta con nosotros, utilizaremos cookies para la gesti\u00f3n del proceso de registro y la administraci\u00f3n general. Estas cookies generalmente se eliminar\u00e1n cuando cierre la sesi\u00f3n del sistema, pero en algunos casos pueden permanecer m\u00e1s tarde para recordar las preferencias de su sitio cuando cierre la sesi\u00f3n.<br><\/li><li>Cookies relacionadas con el inicio de sesi\u00f3n<br><br>Utilizamos cookies cuando usted est\u00e1 conectado, para que podamos recordar esta acci\u00f3n. Esto evita que tenga que iniciar sesi\u00f3n cada vez que visite una nueva p\u00e1gina. Estas cookies generalmente se eliminan o borran cuando cierra la sesi\u00f3n para garantizar que solo pueda acceder a funciones y \u00e1reas restringidas al iniciar sesi\u00f3n.<br><\/li><li>Cookies relacionadas con boletines informativos por correo electr\u00f3nico<br><br>Este sitio web ofrece servicios de suscripci\u00f3n a boletines o correos electr\u00f3nicos y las cookies se pueden utilizar para recordar si ya est\u00e1 registrado y si debe mostrar ciertas notificaciones v\u00e1lidas solo para usuarios registrados \/ no registrados.<br><\/li><li>Solicitudes de procesamiento de cookies relacionadas<br><br>Este sitio web ofrece comercio electr\u00f3nico o facilidades de pago y algunas cookies son esenciales para garantizar que su solicitud sea recordada entre p\u00e1ginas para que podamos procesarla correctamente.<br><\/li><li>Cookies relacionadas con la b\u00fasqueda<br><br>De vez en cuando, ofrecemos encuestas y cuestionarios para proporcionar informaci\u00f3n interesante, herramientas \u00fatiles o para comprender nuestra base de usuarios con mayor precisi\u00f3n. Estas b\u00fasquedas pueden utilizar cookies para recordar qui\u00e9n ya ha participado en una b\u00fasqueda o para proporcionar resultados precisos despu\u00e9s de que las p\u00e1ginas hayan sido cambiadas.<br><\/li><li>Cookies relacionadas con el formulario<br><br>Cuando env\u00eda datos a trav\u00e9s de un formulario como los que se encuentran en las p\u00e1ginas de contacto o en los formularios de comentarios, las cookies se pueden configurar para recordar los detalles del usuario para futuras correspondencias.<br><\/li><li>Cookies de preferencia del sitio<br><br>Para proporcionar una gran experiencia en este sitio, proporcionamos la funcionalidad para establecer sus preferencias de c\u00f3mo funciona este sitio cuando lo usa. Para recordar sus preferencias, necesitamos establecer cookies para que se pueda llamar a esta informaci\u00f3n cada vez que interact\u00fae con una p\u00e1gina que se vea afectada por sus preferencias.<\/li><\/ul>\n\n\n\n<h3 class=\"wp-block-heading\">Cookies de terceros<\/h3>\n\n\n\n<p>En algunos casos especiales, tambi\u00e9n utilizamos cookies proporcionadas por terceros de confianza. La siguiente secci\u00f3n detalla qu\u00e9 cookies de terceros puede encontrar a trav\u00e9s de este sitio web.<\/p>\n\n\n\n<ul class=\"wp-block-list\"><li>Este sitio web utiliza Google Analytics, que es una de las soluciones de an\u00e1lisis m\u00e1s extendidas y confiables en la web, para ayudarnos a comprender c\u00f3mo usa el sitio y c\u00f3mo podemos mejorar su experiencia. Estas cookies pueden rastrear elementos como la cantidad de tiempo que pasa en el sitio y las p\u00e1ginas visitadas, para que podamos continuar produciendo contenido atractivo.<\/li><\/ul>\n\n\n\n<p>Para obtener m\u00e1s informaci\u00f3n sobre las cookies de Google Analytics, consulte la p\u00e1gina oficial de Google Analytics.<\/p>\n\n\n\n<ul class=\"wp-block-list\"><li>Los an\u00e1lisis de terceros se utilizan para rastrear y medir el uso de este sitio web para que podamos continuar produciendo contenido atractivo. Estas cookies pueden rastrear elementos como el tiempo que pasa en el sitio o las p\u00e1ginas que visita, lo que nos ayuda a comprender c\u00f3mo podemos mejorar el sitio para usted.<\/li><li>De vez en cuando, probamos nuevas caracter\u00edsticas y hacemos cambios sutiles en la forma en que se ve el sitio. Cuando todav\u00eda estamos probando nuevas funciones, estas cookies se pueden usar para garantizar que reciba una experiencia consistente mientras est\u00e1 en el sitio, mientras entendemos qu\u00e9 optimizaciones disfrutan m\u00e1s nuestros usuarios.<\/li><li>A medida que vendemos productos, es importante que comprendamos las estad\u00edsticas sobre cu\u00e1ntos visitantes de nuestro sitio realmente compran, y por lo tanto ese es el tipo de datos que rastrear\u00e1n estas cookies. Esto es importante para usted, ya que significa que podemos hacer pron\u00f3sticos comerciales precisos que nos permiten analizar nuestros costos de publicidad y productos para garantizar el mejor precio posible.<\/li><\/ul>\n\n\n\n<h3 class=\"wp-block-heading\">M\u00e1s informaci\u00f3n<\/h3>\n\n\n\n<p>Esperemos que est\u00e9 claro y, como se mencion\u00f3 anteriormente, si hay algo que no est\u00e1 seguro de si lo necesita o no, generalmente es m\u00e1s seguro dejar habilitadas las cookies si interact\u00faa con una de las funciones que utiliza en nuestro sitio.<\/p>\n\n\n\n<p>Esta pol\u00edtica es efectiva a partir de mayo de 2020.<\/p>","protected":false},"excerpt":{"rendered":"<p>Pol\u00edtica de privacidad Su privacidad es importante para nosotros. Es pol\u00edtica de MOH Est\u00fadio Criativo respetar su privacidad con respecto a cualquier informaci\u00f3n sobre usted que podamos recopilar de MOH Est\u00fadio Criativo y otros sitios web que poseemos y operamos. Solicitamos informaci\u00f3n personal solo cuando realmente la necesitamos para brindarle un servicio. Hacemos esto por medios [...]<\/p>","protected":false},"author":1,"featured_media":0,"parent":0,"menu_order":0,"comment_status":"closed","ping_status":"open","template":"","meta":{"footnotes":""},"class_list":["post-3","page","type-page","status-publish","hentry"],"_links":{"self":[{"href":"https:\/\/cacela-velha.com\/es\/wp-json\/wp\/v2\/pages\/3","targetHints":{"allow":["GET"]}}],"collection":[{"href":"https:\/\/cacela-velha.com\/es\/wp-json\/wp\/v2\/pages"}],"about":[{"href":"https:\/\/cacela-velha.com\/es\/wp-json\/wp\/v2\/types\/page"}],"author":[{"embeddable":true,"href":"https:\/\/cacela-velha.com\/es\/wp-json\/wp\/v2\/users\/1"}],"replies":[{"embeddable":true,"href":"https:\/\/cacela-velha.com\/es\/wp-json\/wp\/v2\/comments?post=3"}],"version-history":[{"count":3,"href":"https:\/\/cacela-velha.com\/es\/wp-json\/wp\/v2\/pages\/3\/revisions"}],"predecessor-version":[{"id":559,"href":"https:\/\/cacela-velha.com\/es\/wp-json\/wp\/v2\/pages\/3\/revisions\/559"}],"wp:attachment":[{"href":"https:\/\/cacela-velha.com\/es\/wp-json\/wp\/v2\/media?parent=3"}],"curies":[{"name":"wp","href":"https:\/\/api.w.org\/{rel}","templated":true}]}}