{"id":476,"date":"2021-06-13T16:20:43","date_gmt":"2021-06-13T16:20:43","guid":{"rendered":"https:\/\/cacela-velha.com\/?post_type=product&#038;p=476"},"modified":"2021-06-15T21:02:49","modified_gmt":"2021-06-15T21:02:49","slug":"iman-arvore-de-cacela-velha","status":"publish","type":"product","link":"https:\/\/cacela-velha.com\/es\/loja\/iman-arvore-de-cacela-velha\/","title":{"rendered":"Im\u00e1n viejo \u00e1rbol de Cacela"},"content":{"rendered":"<p>Im\u00e1n o Pin de 58mm de di\u00e1metro de la antigua Cacela para que nunca olvides tus vacaciones en el Algarve.<\/p>","protected":false},"excerpt":{"rendered":"<p>Im\u00e1n o Pin de Cacela antiguo para que nunca olvides tus vacaciones en el Algarve.<\/p>","protected":false},"featured_media":465,"template":"","meta":[],"product_brand":[],"product_cat":[31],"product_tag":[37,36,35,34],"class_list":{"0":"post-476","1":"product","2":"type-product","3":"status-publish","4":"has-post-thumbnail","6":"product_cat-pins-ou-imanes","7":"product_tag-cacela-velha","8":"product_tag-cracha","9":"product_tag-iman","10":"product_tag-pin","12":"first","13":"instock","14":"shipping-taxable","15":"purchasable","16":"product-type-variable"},"_links":{"self":[{"href":"https:\/\/cacela-velha.com\/es\/wp-json\/wp\/v2\/product\/476","targetHints":{"allow":["GET"]}}],"collection":[{"href":"https:\/\/cacela-velha.com\/es\/wp-json\/wp\/v2\/product"}],"about":[{"href":"https:\/\/cacela-velha.com\/es\/wp-json\/wp\/v2\/types\/product"}],"wp:featuredmedia":[{"embeddable":true,"href":"https:\/\/cacela-velha.com\/es\/wp-json\/wp\/v2\/media\/465"}],"wp:attachment":[{"href":"https:\/\/cacela-velha.com\/es\/wp-json\/wp\/v2\/media?parent=476"}],"wp:term":[{"taxonomy":"product_brand","embeddable":true,"href":"https:\/\/cacela-velha.com\/es\/wp-json\/wp\/v2\/product_brand?post=476"},{"taxonomy":"product_cat","embeddable":true,"href":"https:\/\/cacela-velha.com\/es\/wp-json\/wp\/v2\/product_cat?post=476"},{"taxonomy":"product_tag","embeddable":true,"href":"https:\/\/cacela-velha.com\/es\/wp-json\/wp\/v2\/product_tag?post=476"}],"curies":[{"name":"wp","href":"https:\/\/api.w.org\/{rel}","templated":true}]}}