{"id":485,"date":"2021-06-13T16:38:27","date_gmt":"2021-06-13T16:38:27","guid":{"rendered":"https:\/\/cacela-velha.com\/?post_type=product&#038;p=485"},"modified":"2021-06-15T16:58:03","modified_gmt":"2021-06-15T16:58:03","slug":"iman-camaleao-da-manta-rota","status":"publish","type":"product","link":"https:\/\/cacela-velha.com\/es\/loja\/iman-camaleao-da-manta-rota\/","title":{"rendered":"Manta Rota Chameleon Im\u00e1n"},"content":{"rendered":"<p>Im\u00e1n o Pin de 58mm de di\u00e1metro de la antigua Cacela para que nunca olvides tus vacaciones en el Algarve.<\/p>","protected":false},"excerpt":{"rendered":"<p>Im\u00e1n o Pin de Cacela antiguo para que nunca olvides tus vacaciones en el Algarve.<\/p>","protected":false},"featured_media":470,"template":"","meta":[],"product_brand":[],"product_cat":[31],"product_tag":[38,37,36,35,40,34,39],"class_list":{"0":"post-485","1":"product","2":"type-product","3":"status-publish","4":"has-post-thumbnail","6":"product_cat-pins-ou-imanes","7":"product_tag-azul","8":"product_tag-cacela-velha","9":"product_tag-cracha","10":"product_tag-iman","11":"product_tag-mar","12":"product_tag-pin","13":"product_tag-verde","15":"first","16":"instock","17":"shipping-taxable","18":"purchasable","19":"product-type-variable"},"_links":{"self":[{"href":"https:\/\/cacela-velha.com\/es\/wp-json\/wp\/v2\/product\/485","targetHints":{"allow":["GET"]}}],"collection":[{"href":"https:\/\/cacela-velha.com\/es\/wp-json\/wp\/v2\/product"}],"about":[{"href":"https:\/\/cacela-velha.com\/es\/wp-json\/wp\/v2\/types\/product"}],"wp:featuredmedia":[{"embeddable":true,"href":"https:\/\/cacela-velha.com\/es\/wp-json\/wp\/v2\/media\/470"}],"wp:attachment":[{"href":"https:\/\/cacela-velha.com\/es\/wp-json\/wp\/v2\/media?parent=485"}],"wp:term":[{"taxonomy":"product_brand","embeddable":true,"href":"https:\/\/cacela-velha.com\/es\/wp-json\/wp\/v2\/product_brand?post=485"},{"taxonomy":"product_cat","embeddable":true,"href":"https:\/\/cacela-velha.com\/es\/wp-json\/wp\/v2\/product_cat?post=485"},{"taxonomy":"product_tag","embeddable":true,"href":"https:\/\/cacela-velha.com\/es\/wp-json\/wp\/v2\/product_tag?post=485"}],"curies":[{"name":"wp","href":"https:\/\/api.w.org\/{rel}","templated":true}]}}