{"id":489,"date":"2021-06-13T16:38:38","date_gmt":"2021-06-13T16:38:38","guid":{"rendered":"https:\/\/cacela-velha.com\/?post_type=product&#038;p=489"},"modified":"2021-06-15T16:58:55","modified_gmt":"2021-06-15T16:58:55","slug":"iman-casa-de-cacela-velha","status":"publish","type":"product","link":"https:\/\/cacela-velha.com\/es\/loja\/iman-casa-de-cacela-velha\/","title":{"rendered":"Casa Im\u00e1n de Cacela Velha"},"content":{"rendered":"<p>Im\u00e1n o Pin de 58mm de di\u00e1metro de la antigua Cacela para que nunca olvides tus vacaciones en el Algarve.<\/p>","protected":false},"excerpt":{"rendered":"<p>Im\u00e1n o Pin de Cacela antiguo para que nunca olvides tus vacaciones en el Algarve.<\/p>","protected":false},"featured_media":467,"template":"","meta":[],"product_brand":[],"product_cat":[31],"product_tag":[42,38,37,41,43,36,35,40,45,34,44,39],"class_list":{"0":"post-489","1":"product","2":"type-product","3":"status-publish","4":"has-post-thumbnail","6":"product_cat-pins-ou-imanes","7":"product_tag-algarvia","8":"product_tag-azul","9":"product_tag-cacela-velha","10":"product_tag-casa-tipica","11":"product_tag-chamine","12":"product_tag-cracha","13":"product_tag-iman","14":"product_tag-mar","15":"product_tag-nora","16":"product_tag-pin","17":"product_tag-poco","18":"product_tag-verde","20":"first","21":"instock","22":"shipping-taxable","23":"purchasable","24":"product-type-variable"},"_links":{"self":[{"href":"https:\/\/cacela-velha.com\/es\/wp-json\/wp\/v2\/product\/489","targetHints":{"allow":["GET"]}}],"collection":[{"href":"https:\/\/cacela-velha.com\/es\/wp-json\/wp\/v2\/product"}],"about":[{"href":"https:\/\/cacela-velha.com\/es\/wp-json\/wp\/v2\/types\/product"}],"wp:featuredmedia":[{"embeddable":true,"href":"https:\/\/cacela-velha.com\/es\/wp-json\/wp\/v2\/media\/467"}],"wp:attachment":[{"href":"https:\/\/cacela-velha.com\/es\/wp-json\/wp\/v2\/media?parent=489"}],"wp:term":[{"taxonomy":"product_brand","embeddable":true,"href":"https:\/\/cacela-velha.com\/es\/wp-json\/wp\/v2\/product_brand?post=489"},{"taxonomy":"product_cat","embeddable":true,"href":"https:\/\/cacela-velha.com\/es\/wp-json\/wp\/v2\/product_cat?post=489"},{"taxonomy":"product_tag","embeddable":true,"href":"https:\/\/cacela-velha.com\/es\/wp-json\/wp\/v2\/product_tag?post=489"}],"curies":[{"name":"wp","href":"https:\/\/api.w.org\/{rel}","templated":true}]}}