{"id":278,"date":"2020-05-19T09:43:14","date_gmt":"2020-05-19T09:43:14","guid":{"rendered":"https:\/\/loja.moh.pt\/?page_id=278"},"modified":"2020-05-19T09:43:14","modified_gmt":"2020-05-19T09:43:14","slug":"termos-e-condicoes","status":"publish","type":"page","link":"https:\/\/cacela-velha.com\/fr\/termos-e-condicoes\/","title":{"rendered":"Termes et conditions"},"content":{"rendered":"<p>\u00a0Veuillez lire nos Termes et Conditions avant d'acc\u00e9der et d'utiliser le site Web de MOH Creative Studio de mani\u00e8re d\u00e9brid\u00e9e et compl\u00e8te.\u00a0<br>Chaque fois que nous disons \u00abnous\u00bb et \u00abnotre\u00bb sur ce site, nous faisons r\u00e9f\u00e9rence \u00e0 MOH Est\u00fadio Criativo.\u00a0<\/p>\n\n\n\n<p>L'acc\u00e8s et l'utilisation de ce site Web et des produits et services disponibles sont r\u00e9glement\u00e9s conform\u00e9ment aux termes et conditions pr\u00e9sent\u00e9s ici et appel\u00e9s les \u00abConditions d'utilisation\u00bb.&nbsp;<\/p>\n\n\n\n<p>En visitant, en utilisant et en achetant sur le site Web de MOH Creative Studio, vous acceptez toutes les conditions d'utilisation, qui sont susceptibles d'\u00eatre modifi\u00e9es. Nous vous conseillons de visiter cette page r\u00e9guli\u00e8rement pour \u00eatre au courant de tout changement que nous pourrions avoir apport\u00e9.&nbsp;<\/p>\n\n\n\n<p>Notre boutique est h\u00e9berg\u00e9e sur WooCommerce WordPress, qui nous propose essentiellement une plateforme de commerce \u00e9lectronique en ligne o\u00f9 nous pouvons vous vendre les produits et services MOH Creative Studio.&nbsp;<\/p>\n\n\n\n<p>L'acc\u00e8s au site est temporairement autoris\u00e9 et MOH Est\u00fadio Criativo se r\u00e9serve le droit de retirer ou de modifier les services sans pr\u00e9avis.\u00a0Qui n'a jamais \u00e9t\u00e9 sans site web? \u00c7a arrive aux meilleurs! Ainsi, MOH Creative Studio ne sera pas l\u00e9galement responsable si, pour quelque raison que ce soit, le site Web est indisponible \u00e0 tout moment et, de temps \u00e0 autre, se r\u00e9serve le droit de restreindre certaines zones du site Web de MOH Creative Studio.&nbsp;<\/p>\n\n\n\n<p>Sur ce site, les utilisateurs pourront trouver des liens qui les redirigent vers d'autres pages Web en dehors du domaine des serveurs de MOH Est\u00fadio Criativo qui peuvent causer des pertes ou des dommages pour lesquels MOH Est\u00fadio Criativo n'est pas responsable. Votre utilisation d'autres pages Web est soumise aux termes et conditions indiqu\u00e9s sur chacune de ces autres pages.&nbsp;<\/p>\n\n\n\n<p>Nous sommes bien conscients que c'est une situation impossible, mais vous devez savoir que tout litige ou d\u00e9saccord d\u00e9coulant de votre utilisation du site Web MOH Est\u00fadio Criativo est soumis aux lois du Portugal.&nbsp;<\/p>\n\n\n\n<p><strong>INTERDICTIONS<\/strong>&nbsp;<\/p>\n\n\n\n<p>En utilisant la page MOH Creative Studio, vous acceptez de ne pas reproduire, dupliquer, copier, vendre, revendre ou exporter des parties du service, l'utilisation du service ou l'acc\u00e8s au service ou aux contacts affich\u00e9s sur le site Web MOH Creative Studio par lequel le service est ex\u00e9cut\u00e9, sans le consentement \u00e9crit expr\u00e8s de MOH Creative Studio. Avons-nous dit service?&nbsp;<\/p>\n\n\n\n<p>Le MOH Creative Studio ne pourra pas:&nbsp;<\/p>\n\n\n\n<p>\u2013 Commettre ou encourager des actes criminels.&nbsp;<br>\u2013 Transmettre ou distribuer des virus, des chevaux de Troie, des vers, des bombes logiques ou publier tout mat\u00e9riel malveillant, technologiquement dangereux qui va \u00e0 l\u2019encontre de la politique de confidentialit\u00e9 divulgu\u00e9e ou qui est offensant ou obsc\u00e8ne par nature.&nbsp;<br>\u2013 Donn\u00e9es corrompues.&nbsp;<br>\u2013 Cr\u00e9er des obstacles pour les utilisateurs.&nbsp;<br>\u2013 Violation des droits de propri\u00e9t\u00e9 d\u2019autrui.&nbsp;<br>\u2013 Envoyer des publicit\u00e9s ou du mat\u00e9riel promotionnel non autoris\u00e9s, commun\u00e9ment appel\u00e9s \u00abspam\u00bb.&nbsp;<br>\u2013 Tentative d\u2019affecter les performances ou le fonctionnement de tout syst\u00e8me informatique accessible par l\u2019interm\u00e9diaire de ce site Internet.&nbsp;<\/p>\n\n\n\n<p>La violation de cette disposition constituerait une infraction p\u00e9nale en vertu de la loi de 1990 sur l'utilisation abusive des ordinateurs. Dans le cas de tout acte qui va \u00e0 l'encontre des indications indiqu\u00e9es ici, MOH Est\u00fadio Criativo devra signaler l'identit\u00e9 de l'utilisateur aux entit\u00e9s responsables \u26a1 (et nous ne le voulons pas!) .&nbsp;<\/p>\n\n\n\n<p>MOH Creative Studio n'est pas responsable des pertes ou dommages caus\u00e9s par des virus ou tout autre mat\u00e9riel technologique malveillant pouvant affecter l'\u00e9quipement, les programmes, la base de donn\u00e9es ou tout autre mat\u00e9riel priv\u00e9 de votre ordinateur, provenant de l'utilisation de ce site Web ou du t\u00e9l\u00e9chargement de tout mat\u00e9riel pr\u00e9sent\u00e9 par MOH Creative Studio.&nbsp;<\/p>\n\n\n\n<p><strong>Droit d'auteur<\/strong>&nbsp;<\/p>\n\n\n\n<p>Ce site Web et son contenu sont prot\u00e9g\u00e9s par les droits d'auteur de MOH Creative Studio.&nbsp;<\/p>\n\n\n\n<p>Toute redistribution ou reproduction de contenu, partielle ou totale, dans ses formats les plus divers, est interdite sauf dans les situations suivantes:&nbsp;<\/p>\n\n\n\n<p>\u2013 Impressions ou t\u00e9l\u00e9chargements que vous effectuez sur votre disque local \u00e0 des fins personnelles et non commerciales.&nbsp;<br>\u2013 Copie du contenu pour l\u2019usage personnel de tiers, identifiant la page MOH Creative Studio comme source de ce mat\u00e9riel.&nbsp;<br>\u2013 Vous avez l\u2019autorisation \u00e9crite de MOH Est\u00fadio Criativo pour distribuer ou commercialiser tout contenu. Sinon, vous ne pouvez pas distribuer, \u00e9changer ou diffuser ce contenu sur d'autres sites Web ou toute autre forme de syst\u00e8me de r\u00e9cup\u00e9ration d'informations.&nbsp;<\/p>\n\n\n\n<p><strong>Plaintes<\/strong>&nbsp;<\/p>\n\n\n\n<p>Toute plainte ou r\u00e9clamation doit \u00eatre envoy\u00e9e \u00e0 hello@moh.pt. Ces situations sont trait\u00e9es et toujours r\u00e9solues selon le principe du premier arriv\u00e9, premier servi. Mais vous n'avez pas besoin de prendre un mot de passe.&nbsp;<\/p>","protected":false},"excerpt":{"rendered":"<p>\u00a0Veuillez lire nos Termes et Conditions avant d'acc\u00e9der et d'utiliser le site Web de MOH Creative Studio de mani\u00e8re d\u00e9brid\u00e9e et compl\u00e8te.\u00a0Chaque fois que nous disons \u00abnous\u00bb et \u00abnotre\u00bb sur ce site, nous faisons r\u00e9f\u00e9rence \u00e0 MOH Est\u00fadio Criativo.\u00a0 L'acc\u00e8s et l'utilisation de ce site Web et des produits et services disponibles sont r\u00e9glement\u00e9s conform\u00e9ment aux termes et conditions [...]<\/p>","protected":false},"author":1,"featured_media":0,"parent":0,"menu_order":0,"comment_status":"closed","ping_status":"closed","template":"","meta":{"footnotes":""},"class_list":["post-278","page","type-page","status-publish","hentry"],"_links":{"self":[{"href":"https:\/\/cacela-velha.com\/fr\/wp-json\/wp\/v2\/pages\/278","targetHints":{"allow":["GET"]}}],"collection":[{"href":"https:\/\/cacela-velha.com\/fr\/wp-json\/wp\/v2\/pages"}],"about":[{"href":"https:\/\/cacela-velha.com\/fr\/wp-json\/wp\/v2\/types\/page"}],"author":[{"embeddable":true,"href":"https:\/\/cacela-velha.com\/fr\/wp-json\/wp\/v2\/users\/1"}],"replies":[{"embeddable":true,"href":"https:\/\/cacela-velha.com\/fr\/wp-json\/wp\/v2\/comments?post=278"}],"version-history":[{"count":1,"href":"https:\/\/cacela-velha.com\/fr\/wp-json\/wp\/v2\/pages\/278\/revisions"}],"predecessor-version":[{"id":279,"href":"https:\/\/cacela-velha.com\/fr\/wp-json\/wp\/v2\/pages\/278\/revisions\/279"}],"wp:attachment":[{"href":"https:\/\/cacela-velha.com\/fr\/wp-json\/wp\/v2\/media?parent=278"}],"curies":[{"name":"wp","href":"https:\/\/api.w.org\/{rel}","templated":true}]}}