{"id":3,"date":"2020-04-04T20:18:41","date_gmt":"2020-04-04T20:18:41","guid":{"rendered":"https:\/\/loja.moh.pt\/?page_id=3"},"modified":"2020-05-19T09:52:12","modified_gmt":"2020-05-19T09:52:12","slug":"privacy-policy","status":"publish","type":"page","link":"https:\/\/cacela-velha.com\/fr\/privacy-policy\/","title":{"rendered":"Politique de confidentialit\u00e9"},"content":{"rendered":"<h2 class=\"wp-block-heading\">Politique de confidentialit\u00e9<\/h2>\n\n\n\n<p>Votre vie priv\u00e9e est importante pour nous. La politique de MOH Creative Studio est de respecter votre vie priv\u00e9e en ce qui concerne toute information que nous pouvons recueillir aupr\u00e8s de vous sur le Site.\u00a0<a href=\"https:\/\/loja.moh.pt\/\" target=\"_blank\" rel=\"noopener\">Studio cr\u00e9atif MOH<\/a>, et d'autres sites Web que nous poss\u00e9dons et exploitons.<\/p>\n\n\n\n<p>Nous ne demandons des informations personnelles que lorsque nous en avons vraiment besoin pour vous fournir un service. Nous le faisons par des moyens justes et l\u00e9gaux, \u00e0 votre connaissance et avec votre consentement. Nous vous informons \u00e9galement pourquoi nous collectons et comment il sera utilis\u00e9.<\/p>\n\n\n\n<p>Nous ne conservons les informations collect\u00e9es que pendant le temps n\u00e9cessaire pour fournir le service demand\u00e9. Lorsque nous stockons des donn\u00e9es, nous les prot\u00e9geons par des moyens commercialement acceptables pour pr\u00e9venir la perte et le vol, ainsi que l'acc\u00e8s non autoris\u00e9, la divulgation, la copie, l'utilisation ou la modification.<\/p>\n\n\n\n<p>Nous ne partageons pas d'informations personnelles identifiables publiquement ou avec des tiers, sauf si la loi l'exige.<\/p>\n\n\n\n<p>Notre site peut avoir des liens vers des sites externes qui ne sont pas exploit\u00e9s par nous. Veuillez noter que nous n'avons aucun contr\u00f4le sur le contenu et les pratiques de ces sites et ne pouvons accepter la responsabilit\u00e9 de leurs politiques de confidentialit\u00e9 respectives.<\/p>\n\n\n\n<p>Vous \u00eates libre de refuser notre demande d'informations personnelles, \u00e9tant entendu que nous pourrions ne pas \u00eatre en mesure de fournir certains des services souhait\u00e9s.<\/p>\n\n\n\n<p>Votre utilisation continue de notre site Web sera consid\u00e9r\u00e9e comme une acceptation de nos pratiques en mati\u00e8re de confidentialit\u00e9 et de renseignements personnels. Si vous avez des questions sur la fa\u00e7on dont nous traitons les donn\u00e9es des utilisateurs et les informations personnelles, veuillez nous contacter.<\/p>\n\n\n\n<h2 class=\"wp-block-heading\">Politique en mati\u00e8re de cookies MOH Creative Studio<\/h2>\n\n\n\n<h3 class=\"wp-block-heading\">Que sont les cookies?<\/h3>\n\n\n\n<p>Comme c'est la pratique courante sur presque tous les sites Web professionnels, ce site utilise des cookies, qui sont de petits fichiers t\u00e9l\u00e9charg\u00e9s sur votre ordinateur, pour am\u00e9liorer votre exp\u00e9rience. Cette page d\u00e9crit les informations qu'ils collectent, comment nous les utilisons et pourquoi nous avons parfois besoin de stocker ces cookies. Nous partagerons \u00e9galement la mani\u00e8re dont vous pouvez emp\u00eacher le stockage de ces cookies, mais cela peut d\u00e9grader ou \u00abcasser\u00bb certains \u00e9l\u00e9ments de la fonctionnalit\u00e9 du site.<\/p>\n\n\n\n<h3 class=\"wp-block-heading\">Comment utilisons-nous les cookies?<\/h3>\n\n\n\n<p>Nous utilisons des cookies pour diverses raisons, d\u00e9taill\u00e9es ci-dessous. Malheureusement, dans la plupart des cas, il n'y a pas d'options standard de l'industrie pour d\u00e9sactiver les cookies sans d\u00e9sactiver compl\u00e8tement les fonctionnalit\u00e9s et les fonctionnalit\u00e9s qu'ils ajoutent \u00e0 ce site. Il est recommand\u00e9 de laisser tous les cookies si vous ne savez pas si vous en avez besoin ou non, s'ils sont utilis\u00e9s pour fournir un service que vous utilisez.<\/p>\n\n\n\n<h3 class=\"wp-block-heading\">D\u00e9sactiver les cookies<\/h3>\n\n\n\n<p>Vous pouvez emp\u00eacher l'installation de cookies en ajustant les param\u00e8tres de votre navigateur (consultez l'aide de votre navigateur pour savoir comment proc\u00e9der). Veuillez noter que la d\u00e9sactivation des cookies affectera la fonctionnalit\u00e9 de ce site et de nombreux autres sites Web que vous visitez. La d\u00e9sactivation des cookies entra\u00eenera g\u00e9n\u00e9ralement la d\u00e9sactivation de certaines fonctionnalit\u00e9s et fonctionnalit\u00e9s de ce site Web. Par cons\u00e9quent, il est recommand\u00e9 de ne pas d\u00e9sactiver les cookies.<\/p>\n\n\n\n<h3 class=\"wp-block-heading\">Cookies que nous installons<\/h3>\n\n\n\n<ul class=\"wp-block-list\"><li>Cookies li\u00e9s au compte<br><br>Si vous cr\u00e9ez un compte chez nous, nous utiliserons des cookies pour la gestion du processus d'enregistrement et l'administration g\u00e9n\u00e9rale. Ces cookies seront g\u00e9n\u00e9ralement supprim\u00e9s lorsque vous vous d\u00e9connectez du syst\u00e8me, mais dans certains cas, ils peuvent rester plus tard pour m\u00e9moriser les pr\u00e9f\u00e9rences de votre site lorsque vous vous d\u00e9connectez.<br><\/li><li>Cookies li\u00e9s \u00e0 la connexion<br><br>Nous utilisons des cookies lorsque vous \u00eates connect\u00e9, afin que nous puissions nous souvenir de cette action. Cela vous \u00e9vite d'avoir \u00e0 vous connecter chaque fois que vous visitez une nouvelle page. Ces cookies sont g\u00e9n\u00e9ralement supprim\u00e9s ou effac\u00e9s lorsque vous vous d\u00e9connectez pour vous assurer que vous ne pouvez acc\u00e9der qu'aux fonctionnalit\u00e9s et zones restreintes lorsque vous vous connectez.<br><\/li><li>Cookies li\u00e9s aux newsletters par e-mail<br><br>Ce site Web propose des services d'abonnement \u00e0 la newsletter ou \u00e0 l'e-mail et les cookies peuvent \u00eatre utilis\u00e9s pour se rappeler si vous \u00eates d\u00e9j\u00e0 enregistr\u00e9 et si vous devez afficher certaines notifications valables uniquement pour les utilisateurs enregistr\u00e9s \/ non enregistr\u00e9s.<br><\/li><li>Demandes de traitement des cookies li\u00e9s<br><br>Ce site Web offre des services de commerce \u00e9lectronique ou de paiement et certains cookies sont essentiels pour s'assurer que votre demande est m\u00e9moris\u00e9e entre les pages afin que nous puissions la traiter correctement.<br><\/li><li>Cookies li\u00e9s \u00e0 la recherche<br><br>De temps en temps, nous proposons des enqu\u00eates et des questionnaires pour fournir des informations int\u00e9ressantes, des outils utiles ou pour comprendre plus pr\u00e9cis\u00e9ment notre base d'utilisateurs. Ces recherches peuvent utiliser des cookies pour se rappeler qui a d\u00e9j\u00e0 particip\u00e9 \u00e0 une recherche ou pour fournir des r\u00e9sultats pr\u00e9cis apr\u00e8s que les pages ont \u00e9t\u00e9 modifi\u00e9es.<br><\/li><li>Cookies li\u00e9s au formulaire<br><br>Lorsque vous envoyez des donn\u00e9es via un formulaire tel que ceux trouv\u00e9s sur les pages de contact ou les formulaires de commentaires, les cookies peuvent \u00eatre configur\u00e9s pour m\u00e9moriser les d\u00e9tails de l'utilisateur pour la correspondance future.<br><\/li><li>Cookies de pr\u00e9f\u00e9rences du site<br><br>Pour offrir une grande exp\u00e9rience sur ce site, nous fournissons la fonctionnalit\u00e9 pour d\u00e9finir vos pr\u00e9f\u00e9rences de la fa\u00e7on dont ce site fonctionne lorsque vous l'utilisez. Pour m\u00e9moriser vos pr\u00e9f\u00e9rences, nous devons d\u00e9finir des cookies afin que ces informations puissent \u00eatre appel\u00e9es chaque fois que vous interagissez avec une page est affect\u00e9e par vos pr\u00e9f\u00e9rences.<\/li><\/ul>\n\n\n\n<h3 class=\"wp-block-heading\">Cookies de tiers<\/h3>\n\n\n\n<p>Dans certains cas particuliers, nous utilisons \u00e9galement des cookies fournis par des tiers de confiance. La section suivante d\u00e9taille les cookies tiers que vous pouvez trouver sur ce site Web.<\/p>\n\n\n\n<ul class=\"wp-block-list\"><li>Ce site Web utilise Google Analytics, l'une des solutions d'analyse les plus r\u00e9pandues et les plus fiables sur le Web, pour nous aider \u00e0 comprendre comment vous utilisez le site et comment nous pouvons am\u00e9liorer votre exp\u00e9rience. Ces cookies peuvent suivre des \u00e9l\u00e9ments tels que le temps que vous passez sur le site et les pages visit\u00e9es, afin que nous puissions continuer \u00e0 produire un contenu convaincant.<\/li><\/ul>\n\n\n\n<p>Pour plus d'informations sur les cookies Google Analytics, consultez la page officielle de Google Analytics.<\/p>\n\n\n\n<ul class=\"wp-block-list\"><li>Des analyses tierces sont utilis\u00e9es pour suivre et mesurer l'utilisation de ce site Web afin que nous puissions continuer \u00e0 produire du contenu convaincant. Ces cookies peuvent suivre des \u00e9l\u00e9ments tels que le temps que vous passez sur le site ou les pages que vous visitez, ce qui nous aide \u00e0 comprendre comment nous pouvons am\u00e9liorer le site pour vous.<\/li><li>De temps en temps, nous testons de nouvelles fonctionnalit\u00e9s et apportons des modifications subtiles \u00e0 l'apparence du site. Lorsque nous testons encore de nouvelles fonctionnalit\u00e9s, ces cookies peuvent \u00eatre utilis\u00e9s pour vous garantir une exp\u00e9rience coh\u00e9rente sur le site, tout en comprenant les optimisations que nos utilisateurs appr\u00e9cient le plus.<\/li><li>Lorsque nous vendons des produits, il est important pour nous de comprendre les statistiques sur le nombre de visiteurs de notre site qui ach\u00e8tent r\u00e9ellement, et c'est donc le type de donn\u00e9es que ces cookies suivront. Ceci est important pour vous car cela signifie que nous pouvons faire des pr\u00e9visions commerciales pr\u00e9cises qui nous permettent d'analyser nos co\u00fbts de publicit\u00e9 et de produits pour assurer le meilleur prix possible.<\/li><\/ul>\n\n\n\n<h3 class=\"wp-block-heading\">Plus d'informations<\/h3>\n\n\n\n<p>Esp\u00e9rons que c'est clair et, comme mentionn\u00e9 pr\u00e9c\u00e9demment, s'il y a quelque chose que vous n'\u00eates pas s\u00fbr d'en avoir besoin ou non, il est g\u00e9n\u00e9ralement plus s\u00fbr de laisser les cookies activ\u00e9s si vous interagissez avec l'une des fonctionnalit\u00e9s que vous utilisez sur notre site.<\/p>\n\n\n\n<p>Cette politique est effective \u00e0 partir de mai 2020.<\/p>","protected":false},"excerpt":{"rendered":"<p>Votre vie priv\u00e9e est importante pour nous. La politique de MOH Est\u00fadio Criativo est de respecter votre vie priv\u00e9e en ce qui concerne toutes les informations vous concernant que nous pouvons collecter aupr\u00e8s de MOH Est\u00fadio Criativo et d'autres sites Web que nous poss\u00e9dons et exploitons. Nous ne demandons des informations personnelles que lorsque nous en avons vraiment besoin pour vous fournir un service. Nous le faisons par les moyens [...]<\/p>","protected":false},"author":1,"featured_media":0,"parent":0,"menu_order":0,"comment_status":"closed","ping_status":"open","template":"","meta":{"footnotes":""},"class_list":["post-3","page","type-page","status-publish","hentry"],"_links":{"self":[{"href":"https:\/\/cacela-velha.com\/fr\/wp-json\/wp\/v2\/pages\/3","targetHints":{"allow":["GET"]}}],"collection":[{"href":"https:\/\/cacela-velha.com\/fr\/wp-json\/wp\/v2\/pages"}],"about":[{"href":"https:\/\/cacela-velha.com\/fr\/wp-json\/wp\/v2\/types\/page"}],"author":[{"embeddable":true,"href":"https:\/\/cacela-velha.com\/fr\/wp-json\/wp\/v2\/users\/1"}],"replies":[{"embeddable":true,"href":"https:\/\/cacela-velha.com\/fr\/wp-json\/wp\/v2\/comments?post=3"}],"version-history":[{"count":3,"href":"https:\/\/cacela-velha.com\/fr\/wp-json\/wp\/v2\/pages\/3\/revisions"}],"predecessor-version":[{"id":559,"href":"https:\/\/cacela-velha.com\/fr\/wp-json\/wp\/v2\/pages\/3\/revisions\/559"}],"wp:attachment":[{"href":"https:\/\/cacela-velha.com\/fr\/wp-json\/wp\/v2\/media?parent=3"}],"curies":[{"name":"wp","href":"https:\/\/api.w.org\/{rel}","templated":true}]}}