{"id":278,"date":"2020-05-19T09:43:14","date_gmt":"2020-05-19T09:43:14","guid":{"rendered":"https:\/\/loja.moh.pt\/?page_id=278"},"modified":"2020-05-19T09:43:14","modified_gmt":"2020-05-19T09:43:14","slug":"termos-e-condicoes","status":"publish","type":"page","link":"https:\/\/cacela-velha.com\/it\/termos-e-condicoes\/","title":{"rendered":"Termini e condizioni"},"content":{"rendered":"<p>\u00a0Si prega di leggere i nostri Termini e Condizioni prima di accedere in modo sfrenato e completo e utilizzare il sito Web MOH Creative Studio.\u00a0<br>Ogni volta che diciamo \"noi\" e \"nostro\" su questo sito web, ci riferiamo a MOH Est\u00fadio Criativo.\u00a0<\/p>\n\n\n\n<p>L'accesso e l'utilizzo di questo sito Web e dei prodotti e servizi disponibili sono regolati in conformit\u00e0 con i termini e le condizioni qui presentati e denominati \"Termini di servizio\".&nbsp;<\/p>\n\n\n\n<p>Visitando, utilizzando e acquistando sul sito Web MOH Creative Studio, l'utente accetta tutti i Termini di servizio, che sono soggetti a modifiche. Ti consigliamo di visitare regolarmente questa pagina per essere a conoscenza di eventuali modifiche che potremmo aver apportato.&nbsp;<\/p>\n\n\n\n<p>Il nostro negozio \u00e8 ospitato su WooCommerce WordPress, che essenzialmente ci offre una piattaforma di e-commerce online in cui possiamo venderti i prodotti e i servizi MOH Creative Studio.&nbsp;<\/p>\n\n\n\n<p>L'accesso al sito web \u00e8 temporaneamente consentito e MOH Est\u00fadio Criativo si riserva il diritto di ritirare o modificare i servizi senza preavviso.\u00a0Chi non \u00e8 mai stato senza un sito web? Succede ai migliori! Pertanto, MOH Creative Studio non sar\u00e0 legalmente responsabile se, per qualsiasi motivo, il sito Web non \u00e8 disponibile in qualsiasi momento e, di volta in volta, si riserva il diritto di limitare determinate aree del sito Web MOH Creative Studio.&nbsp;<\/p>\n\n\n\n<p>Su questo sito gli utenti potranno trovare link che li reindirizzano ad altre pagine web al di fuori del dominio dei server di MOH Est\u00fadio Criativo che possono causare perdite o danni per i quali MOH Est\u00fadio Criativo non \u00e8 responsabile. L'utilizzo di altre pagine web \u00e8 soggetto ai termini e alle condizioni indicati in ciascuna di queste altre pagine.&nbsp;<\/p>\n\n\n\n<p>Siamo ben consapevoli che si tratta di una situazione impossibile, tuttavia \u00e8 necessario sapere che qualsiasi controversia o disaccordo derivante dall'utilizzo del sito Web MOH Est\u00fadio Criativo \u00e8 soggetto alle leggi del Portogallo.&nbsp;<\/p>\n\n\n\n<p><strong>DIVIETI<\/strong>&nbsp;<\/p>\n\n\n\n<p>Utilizzando la pagina MOH Creative Studio, l'utente accetta di non riprodurre, duplicare, copiare, vendere, rivendere o esportare parti del servizio, l'uso del servizio o l'accesso al servizio o ai contatti visualizzati sul sito Web MOH Creative Studio tramite il quale viene eseguito il servizio, senza l'espresso consenso scritto di MOH Creative Studio. Abbiamo detto servizio?&nbsp;<\/p>\n\n\n\n<p>Il MOH Creative Studio non:&nbsp;<\/p>\n\n\n\n<p>\u2013 Commettere o incoraggiare atti criminali.&nbsp;<br>\u2013 Trasmettere o distribuire virus, trojan, worm, bombe logiche o pubblicare qualsiasi materiale dannoso, tecnologicamente pericoloso, contrario alla politica sulla privacy divulgata o di natura offensiva o oscena.&nbsp;<br>\u2013 Dati corrotti.&nbsp;<br>\u2013 Creare ostacoli per gli utenti.&nbsp;<br>\u2013 Violazione dei diritti di propriet\u00e0 altrui.&nbsp;<br>\u2013 Inviare messaggi pubblicitari o materiale promozionale non autorizzati, comunemente denominati \u201cspam\u201d.&nbsp;<br>\u2013 Tentare di influenzare le prestazioni o il funzionamento di qualsiasi sistema informatico a cui si accede attraverso questo sito web.&nbsp;<\/p>\n\n\n\n<p>La violazione di questa disposizione costituirebbe un reato ai sensi del Computer Misuse Act 1990. In caso di qualsiasi atto contrario alle indicazioni qui indicate, MOH Est\u00fadio Criativo dovr\u00e0 segnalare l'identit\u00e0 dell'utente alle entit\u00e0 responsabili \u26a1 (e non lo vogliamo!) .&nbsp;<\/p>\n\n\n\n<p>MOH Creative Studio non \u00e8 responsabile per eventuali perdite o danni causati da virus o qualsiasi altro materiale tecnologico dannoso che possa influenzare le apparecchiature, i programmi, il database o altro materiale privato del computer, derivato dall'uso di questo sito Web o dal download di qualsiasi materiale presentato da MOH Creative Studio.&nbsp;<\/p>\n\n\n\n<p><strong>Diritto d'autore<\/strong>&nbsp;<\/p>\n\n\n\n<p>Questo sito web e i suoi contenuti sono protetti da copyright di MOH Creative Studio.&nbsp;<\/p>\n\n\n\n<p>\u00c8 vietata qualsiasi ridistribuzione o riproduzione di contenuti, parziali o totali, nei formati pi\u00f9 disparati, salvo nelle seguenti situazioni:&nbsp;<\/p>\n\n\n\n<p>\u2013 Stampe o download effettuati sul disco locale per uso personale e per scopi non commerciali.&nbsp;<br>\u2013 Copia del contenuto per uso personale di terzi, identificando la pagina MOH Creative Studio come fonte di tale materiale.&nbsp;<br>\u2013 Avete il permesso scritto della MOH Est\u00fadio Criativo di distribuire o commercializzare qualsiasi contenuto. In caso contrario, non \u00e8 possibile distribuire, scambiare o diffondere questo contenuto su altri siti Web o qualsiasi altra forma di sistema di recupero delle informazioni.&nbsp;<\/p>\n\n\n\n<p><strong>Reclami<\/strong>&nbsp;<\/p>\n\n\n\n<p>Qualsiasi reclamo o lamentela deve essere inviata a hello@moh.pt. Queste situazioni vengono affrontate e risolte sempre in base al principio \"primo arrivato, primo servito\". Ma non devi prendere una password.&nbsp;<\/p>","protected":false},"excerpt":{"rendered":"<p>\u00a0Si prega di leggere i nostri Termini e Condizioni prima di accedere in modo sfrenato e completo e utilizzare il sito Web MOH Creative Studio.\u00a0Ogni volta che diciamo \"noi\" e \"nostro\" su questo sito web, ci riferiamo a MOH Est\u00fadio Criativo.\u00a0 L'accesso e l'uso di questo sito Web e dei prodotti e servizi disponibili sono regolati in conformit\u00e0 con i termini e le condizioni [...]<\/p>","protected":false},"author":1,"featured_media":0,"parent":0,"menu_order":0,"comment_status":"closed","ping_status":"closed","template":"","meta":{"footnotes":""},"class_list":["post-278","page","type-page","status-publish","hentry"],"_links":{"self":[{"href":"https:\/\/cacela-velha.com\/it\/wp-json\/wp\/v2\/pages\/278","targetHints":{"allow":["GET"]}}],"collection":[{"href":"https:\/\/cacela-velha.com\/it\/wp-json\/wp\/v2\/pages"}],"about":[{"href":"https:\/\/cacela-velha.com\/it\/wp-json\/wp\/v2\/types\/page"}],"author":[{"embeddable":true,"href":"https:\/\/cacela-velha.com\/it\/wp-json\/wp\/v2\/users\/1"}],"replies":[{"embeddable":true,"href":"https:\/\/cacela-velha.com\/it\/wp-json\/wp\/v2\/comments?post=278"}],"version-history":[{"count":1,"href":"https:\/\/cacela-velha.com\/it\/wp-json\/wp\/v2\/pages\/278\/revisions"}],"predecessor-version":[{"id":279,"href":"https:\/\/cacela-velha.com\/it\/wp-json\/wp\/v2\/pages\/278\/revisions\/279"}],"wp:attachment":[{"href":"https:\/\/cacela-velha.com\/it\/wp-json\/wp\/v2\/media?parent=278"}],"curies":[{"name":"wp","href":"https:\/\/api.w.org\/{rel}","templated":true}]}}