{"id":3,"date":"2020-04-04T20:18:41","date_gmt":"2020-04-04T20:18:41","guid":{"rendered":"https:\/\/loja.moh.pt\/?page_id=3"},"modified":"2020-05-19T09:52:12","modified_gmt":"2020-05-19T09:52:12","slug":"privacy-policy","status":"publish","type":"page","link":"https:\/\/cacela-velha.com\/it\/privacy-policy\/","title":{"rendered":"Informativa sulla privacy"},"content":{"rendered":"<h2 class=\"wp-block-heading\">Informativa sulla privacy<\/h2>\n\n\n\n<p>La tua privacy \u00e8 importante per noi. \u00c8 politica di MOH Creative Studio rispettare la tua privacy in relazione a qualsiasi informazione che potremmo raccogliere da te sul Sito.\u00a0<a href=\"https:\/\/loja.moh.pt\/\" target=\"_blank\" rel=\"noopener\">Studio creativo MOH<\/a>, e altri siti web che possediamo e gestiamo.<\/p>\n\n\n\n<p>Chiediamo informazioni personali solo quando ne abbiamo davvero bisogno per fornirti un servizio. Lo facciamo con mezzi equi e leciti, con la vostra conoscenza e il vostro consenso. Vi informiamo anche perch\u00e9 stiamo raccogliendo e come verr\u00e0 utilizzato.<\/p>\n\n\n\n<p>Conserviamo le informazioni raccolte solo per il tempo necessario a fornire il servizio richiesto. Quando memorizziamo i dati, li proteggiamo con mezzi commercialmente accettabili per prevenire la perdita e il furto, nonch\u00e9 l'accesso, la divulgazione, la copia, l'uso o la modifica non autorizzati.<\/p>\n\n\n\n<p>Non condividiamo informazioni di identificazione personale pubblicamente o con terze parti, ad eccezione di quanto richiesto dalla legge.<\/p>\n\n\n\n<p>Il nostro sito pu\u00f2 avere collegamenti a siti esterni che non sono gestiti da noi. Si prega di essere consapevoli del fatto che non abbiamo alcun controllo sul contenuto e le pratiche di questi siti e non possiamo accettare la responsabilit\u00e0 per le rispettive politiche sulla privacy.<\/p>\n\n\n\n<p>Sei libero di rifiutare la nostra richiesta di informazioni personali, comprendendo che potremmo non essere in grado di fornire alcuni dei servizi desiderati.<\/p>\n\n\n\n<p>L'uso continuato del nostro sito Web sar\u00e0 considerato accettazione delle nostre pratiche in materia di privacy e informazioni personali. Se hai domande su come gestiamo i dati degli utenti e le informazioni personali, ti preghiamo di contattarci.<\/p>\n\n\n\n<h2 class=\"wp-block-heading\">Politica sui cookie MOH Creative Studio<\/h2>\n\n\n\n<h3 class=\"wp-block-heading\">Cosa sono i cookie?<\/h3>\n\n\n\n<p>Come \u00e8 prassi comune su quasi tutti i siti web professionali, questo sito utilizza i cookie, che sono piccoli file scaricati sul tuo computer, per migliorare la tua esperienza. Questa pagina descrive quali informazioni raccolgono, come le usiamo e perch\u00e9 a volte abbiamo bisogno di memorizzare questi cookie. Condivideremo anche come \u00e8 possibile impedire la memorizzazione di questi cookie, tuttavia, ci\u00f2 potrebbe ridurre o \"rompere\" alcuni elementi della funzionalit\u00e0 del sito.<\/p>\n\n\n\n<h3 class=\"wp-block-heading\">Come utilizziamo i cookie?<\/h3>\n\n\n\n<p>Utilizziamo i cookie per vari motivi, descritti di seguito. Sfortunatamente, nella maggior parte dei casi, non ci sono opzioni standard del settore per disabilitare i cookie senza disabilitare completamente le funzionalit\u00e0 e le funzionalit\u00e0 che aggiungono a questo sito. Si consiglia di lasciare tutti i cookie se non si \u00e8 sicuri di averne bisogno o meno, se vengono utilizzati per fornire un servizio che si utilizza.<\/p>\n\n\n\n<h3 class=\"wp-block-heading\">Disabilitare i cookie<\/h3>\n\n\n\n<p>\u00c8 possibile impedire l'impostazione dei cookie modificando le impostazioni del browser (vedere la Guida del browser per come farlo). Si prega di essere consapevoli del fatto che la disabilitazione dei cookie influir\u00e0 sulla funzionalit\u00e0 di questo e di molti altri siti Web visitati. La disabilitazione dei cookie di solito comporta la disabilitazione di alcune funzionalit\u00e0 e funzionalit\u00e0 di questo sito web. Pertanto, si consiglia di non disabilitare i cookie.<\/p>\n\n\n\n<h3 class=\"wp-block-heading\">Cookie che impostiamo<\/h3>\n\n\n\n<ul class=\"wp-block-list\"><li>Cookie relativi all'account<br><br>Se crei un account con noi, utilizzeremo i cookie per la gestione del processo di registrazione e l'amministrazione generale. Questi cookie di solito vengono cancellati quando ci si disconnette dal sistema, ma in alcuni casi possono rimanere in seguito per ricordare le preferenze del sito quando ci si disconnette.<br><\/li><li>Cookie relativi al login<br><br>Utilizziamo i cookie quando sei connesso, in modo da poter ricordare questa azione. Questo ti impedisce di dover accedere ogni volta che visiti una nuova pagina. Questi cookie vengono in genere rimossi o cancellati quando si effettua il logout per garantire che sia possibile accedere solo alle funzionalit\u00e0 e alle aree riservate durante l'accesso.<br><\/li><li>Cookie relativi alle newsletter via e-mail<br><br>Questo sito offre servizi di abbonamento a newsletter o e-mail e i cookie possono essere utilizzati per ricordare se sei gi\u00e0 registrato e se dovresti mostrare determinate notifiche valide solo per gli utenti registrati \/ non registrati.<br><\/li><li>Richieste di trattamento dei cookie correlati<br><br>Questo sito Web offre servizi di e-commerce o di pagamento e alcuni cookie sono essenziali per garantire che la tua richiesta venga memorizzata tra le pagine in modo che possiamo elaborarla correttamente.<br><\/li><li>Cookie relativi alla ricerca<br><br>Di tanto in tanto, offriamo sondaggi e questionari per fornire informazioni interessanti, strumenti utili o per comprendere la nostra base di utenti in modo pi\u00f9 accurato. Queste ricerche possono utilizzare i cookie per ricordare chi ha gi\u00e0 partecipato a una ricerca o per fornire risultati accurati dopo che le pagine sono state modificate.<br><\/li><li>Cookie relativi ai moduli<br><br>Quando si inviano dati tramite un modulo come quelli che si trovano nelle pagine di contatto o nei moduli di commento, i cookie possono essere impostati per ricordare i dettagli dell'utente per la corrispondenza futura.<br><\/li><li>Cookie delle preferenze del sito<br><br>Per fornire una grande esperienza su questo sito, forniamo la funzionalit\u00e0 per impostare le preferenze di come funziona questo sito quando lo si utilizza. Per ricordare le tue preferenze, dobbiamo impostare i cookie in modo che queste informazioni possano essere richiamate ogni volta che interagisci con una pagina influenzata dalle tue preferenze.<\/li><\/ul>\n\n\n\n<h3 class=\"wp-block-heading\">Cookie di terze parti<\/h3>\n\n\n\n<p>In alcuni casi particolari, utilizziamo anche cookie forniti da terze parti di fiducia. La sezione seguente descrive in dettaglio quali cookie di terze parti \u00e8 possibile trovare attraverso questo sito web.<\/p>\n\n\n\n<ul class=\"wp-block-list\"><li>Questo sito web utilizza Google Analytics, che \u00e8 una delle soluzioni di analisi pi\u00f9 diffuse e affidabili sul web, per aiutarci a capire come utilizzi il sito e come possiamo migliorare la tua esperienza. Questi cookie possono tenere traccia di elementi come quanto tempo trascorri sul sito e le pagine visitate, in modo che possiamo continuare a produrre contenuti interessanti.<\/li><\/ul>\n\n\n\n<p>Per maggiori informazioni sui cookie di Google Analytics, consulta la pagina ufficiale di Google Analytics.<\/p>\n\n\n\n<ul class=\"wp-block-list\"><li>Le analisi di terze parti vengono utilizzate per tracciare e misurare l'uso di questo sito Web in modo da poter continuare a produrre contenuti interessanti. Questi cookie possono tenere traccia di elementi come il tempo che trascorri sul sito o le pagine che visiti, il che ci aiuta a capire come possiamo migliorare il sito per te.<\/li><li>Di tanto in tanto, testiamo nuove funzionalit\u00e0 e apportiamo sottili modifiche al modo in cui il sito appare. Quando stiamo ancora testando nuove funzionalit\u00e0, questi cookie possono essere utilizzati per garantire che tu riceva un'esperienza coerente mentre sei sul sito, mentre comprendiamo quali ottimizzazioni i nostri utenti godono di pi\u00f9.<\/li><li>Mentre vendiamo prodotti, \u00e8 importante per noi capire le statistiche su quanti visitatori del nostro sito acquistano effettivamente, e quindi questo \u00e8 il tipo di dati che questi cookie tracceranno. Questo \u00e8 importante per te in quanto significa che possiamo fare previsioni commerciali accurate che ci consentono di analizzare i nostri costi pubblicitari e di prodotto per garantire il miglior prezzo possibile.<\/li><\/ul>\n\n\n\n<h3 class=\"wp-block-heading\">Maggiori informazioni<\/h3>\n\n\n\n<p>Speriamo che sia chiaro e, come accennato in precedenza, se c'\u00e8 qualcosa che non sei sicuro se ne hai bisogno o meno, \u00e8 generalmente pi\u00f9 sicuro lasciare i cookie abilitati se interagisci con una delle funzionalit\u00e0 che usi sul nostro sito.<\/p>\n\n\n\n<p>Questa politica \u00e8 in vigore da maggio 2020.<\/p>","protected":false},"excerpt":{"rendered":"<p>La tua privacy \u00e8 importante per noi. \u00c8 politica di MOH Est\u00fadio Criativo rispettare la tua privacy in relazione a qualsiasi informazione su di te che potremmo raccogliere da MOH Est\u00fadio Criativo e da altri siti Web che possediamo e gestiamo. Chiediamo informazioni personali solo quando ne abbiamo davvero bisogno per fornirti un servizio. Lo facciamo con mezzi [...]<\/p>","protected":false},"author":1,"featured_media":0,"parent":0,"menu_order":0,"comment_status":"closed","ping_status":"open","template":"","meta":{"footnotes":""},"class_list":["post-3","page","type-page","status-publish","hentry"],"_links":{"self":[{"href":"https:\/\/cacela-velha.com\/it\/wp-json\/wp\/v2\/pages\/3","targetHints":{"allow":["GET"]}}],"collection":[{"href":"https:\/\/cacela-velha.com\/it\/wp-json\/wp\/v2\/pages"}],"about":[{"href":"https:\/\/cacela-velha.com\/it\/wp-json\/wp\/v2\/types\/page"}],"author":[{"embeddable":true,"href":"https:\/\/cacela-velha.com\/it\/wp-json\/wp\/v2\/users\/1"}],"replies":[{"embeddable":true,"href":"https:\/\/cacela-velha.com\/it\/wp-json\/wp\/v2\/comments?post=3"}],"version-history":[{"count":3,"href":"https:\/\/cacela-velha.com\/it\/wp-json\/wp\/v2\/pages\/3\/revisions"}],"predecessor-version":[{"id":559,"href":"https:\/\/cacela-velha.com\/it\/wp-json\/wp\/v2\/pages\/3\/revisions\/559"}],"wp:attachment":[{"href":"https:\/\/cacela-velha.com\/it\/wp-json\/wp\/v2\/media?parent=3"}],"curies":[{"name":"wp","href":"https:\/\/api.w.org\/{rel}","templated":true}]}}